{"id":2,"date":"2018-06-01T08:51:44","date_gmt":"2018-06-01T06:51:44","guid":{"rendered":"http:\/\/syrarium.sk\/?page_id=2"},"modified":"2026-04-21T15:42:40","modified_gmt":"2026-04-21T13:42:40","slug":"ukazka-strany","status":"publish","type":"page","link":"http:\/\/syrarium.sk\/","title":{"rendered":"Vitajte na Syr\u00e1riUm"},"content":{"rendered":"\r\n<p><img loading=\"lazy\" decoding=\"async\" class=\"size-medium wp-image-231 alignleft\" src=\"http:\/\/syrarium.sk\/wp-content\/uploads\/2026\/04\/obrazok_2026-04-21_154154820-300x211.png\" alt=\"\" width=\"300\" height=\"211\" srcset=\"http:\/\/syrarium.sk\/wp-content\/uploads\/2026\/04\/obrazok_2026-04-21_154154820-300x211.png 300w, http:\/\/syrarium.sk\/wp-content\/uploads\/2026\/04\/obrazok_2026-04-21_154154820-80x56.png 80w, http:\/\/syrarium.sk\/wp-content\/uploads\/2026\/04\/obrazok_2026-04-21_154154820.png 393w\" sizes=\"auto, (max-width: 300px) 100vw, 300px\" \/><\/p>\r\n<p><strong>Syr\u00e1rsky kotol PLEVNIK na ka\u017ed\u00fa mlie\u010dnu farmu! <\/strong><\/p>\r\n<p>Od roku 1992 vytv\u00e1rame inovat\u00edvne a vysoko kvalitn\u00e9 zariadenia ur\u010den\u00e9 na zv\u00fd\u0161enie hodnoty mlieka. Na\u0161ou misiou je pom\u00f4c\u0165 v\u00e1m vybudova\u0165 prosperuj\u00faci mliekarensk\u00fd podnik a z\u00e1rove\u0148 vytvori\u0165 lep\u0161iu bud\u00facnos\u0165 pre va\u0161u rodinu.\u00a0<br \/>Ako rodinn\u00e1 firma ch\u00e1peme va\u0161e sny o vybudovan\u00ed lep\u0161ieho \u017eivota pre seba a bud\u00face gener\u00e1cie. So spo\u013eahliv\u00fdm, modern\u00fdm a automatizovan\u00fdm zariaden\u00edm na spracovanie mlieka na lok\u00e1lne mlie\u010dne v\u00fdrobky sme tu, aby sme v\u00e1m pomohli dosiahnu\u0165 va\u0161e ciele.<\/p>\r\n<p><strong>Vyu\u017eite \u0161peci\u00e1lnu ponuku! Investujte do mliekarensk\u00e9ho zariadenia e\u0161te dnes za ak\u010dn\u00e9 ceny a sta\u0148te sa s\u00fa\u010das\u0165ou komunity viac ako 5 000 \u00faspe\u0161n\u00fdch mliekarov po celom svete.<br \/>Nenechajte si ujs\u0165 pr\u00edle\u017eitos\u0165 zabezpe\u010di\u0165 svoje dedi\u010dstvo a premeni\u0165 svoje mlieko na \u00faspech.<\/strong><\/p>\r\n<h2><strong>\u010cERSTV\u00c9 PRODUKTY<\/strong><\/h2>\r\n<p>Tieto zariadenia s\u00fa navrhnut\u00e9 tak, aby vyhovovali potreb\u00e1m za\u010diato\u010dn\u00edkov aj pokro\u010dil\u00fdch mliekarov, ktor\u00ed chc\u00fa vyr\u00e1ba\u0165 \u0161irok\u00fa \u0161k\u00e1lu mlie\u010dnych v\u00fdrobkov, so zvl\u00e1\u0161tnym zameran\u00edm na \u010derstv\u00e9 v\u00fdrobky, ako s\u00fa r\u00f4zne druhy jogurtov, pasterizovan\u00e9 mlieko a \u010fal\u0161ie. Nech u\u017e pr\u00e1ve za\u010d\u00ednate svoju mliekarensk\u00fa cestu alebo m\u00e1te za sebou roky sk\u00fasenost\u00ed, poskytn\u00fa v\u00e1m v\u0161etko, \u010do potrebujete na zdokonalenie svojho remesla.\u00a0<\/p>\r\n<h2><strong>KOAGULOVAN\u00c9 PRODUKTY<\/strong><\/h2>\r\n<p>Tieto bal\u00ed\u010dky s\u00fa navrhnut\u00e9 tak, aby vyhovovali potreb\u00e1m za\u010diato\u010dn\u00edkov aj pokro\u010dil\u00fdch v\u00fdrobcov syrov, ktor\u00ed chc\u00fa vyr\u00e1ba\u0165 \u0161irok\u00fa \u0161k\u00e1lu mlie\u010dnych v\u00fdrobkov, so zvl\u00e1\u0161tnym zameran\u00edm na zrej\u00face v\u00fdrobky, ako s\u00fa r\u00f4zne druhy syrov, tvaroh a \u010fal\u0161ie. Nech u\u017e pr\u00e1ve za\u010d\u00ednate svoju cestu vo v\u00fdrobe syrov alebo m\u00e1te za sebou roky sk\u00fasenost\u00ed, tieto bal\u00ed\u010dky v\u00e1m poskytn\u00fa v\u0161etko, \u010do potrebujete na zdokonalenie svojho remesla.<\/p>\r\n<p><img loading=\"lazy\" decoding=\"async\" class=\"alignnone  wp-image-178\" src=\"http:\/\/syrarium.sk\/wp-content\/uploads\/2019\/07\/Produkty3-300x67.jpg\" alt=\"\" width=\"493\" height=\"110\" srcset=\"http:\/\/syrarium.sk\/wp-content\/uploads\/2019\/07\/Produkty3-300x67.jpg 300w, http:\/\/syrarium.sk\/wp-content\/uploads\/2019\/07\/Produkty3-768x170.jpg 768w, http:\/\/syrarium.sk\/wp-content\/uploads\/2019\/07\/Produkty3.jpg 784w\" sizes=\"auto, (max-width: 493px) 100vw, 493px\" \/><\/p>\r\n<p><span style=\"color: #ff0000;\"><a style=\"color: #ff0000;\" href=\"https:\/\/mvlstefanek.sk\/sites\/default\/files\/Akcia_Plevnik_Jun_2026_0.pdf\">Ponuka Plevnik jun 2026<\/a><\/span><\/p>\r\n<hr \/>\r\n<p>Chcete<strong> spracov\u00e1va\u0165 vlastn\u00e9 mlieko (m\u00e4so) ?<\/strong><\/p>\r\n\r\n\r\n\r\n<p>M\u00e1te pocit, \u017ee o\u00a0Va\u0161u produkciu nem\u00e1 nikto z\u00e1ujem, \u017ee Va\u0161a pr\u00e1ca nie je dostato\u010dne odmenen\u00e1?<\/p>\r\n\r\n\r\n\r\n<p>H\u013ead\u00e1te nie\u010do, s\u00a0\u010d\u00edm by ste sa mohli presadi\u0165 na trhu?<\/p>\r\n\r\n\r\n\r\n<p><strong>Pre\u010do sa zaobera\u0165 spracovan\u00edm vlastnej produkcie?<\/strong><\/p>\r\n\r\n\r\n\r\n<blockquote>\r\n<ul>\r\n<li><strong>N\u00edzke ceny mlieka a m\u00e4sa od odberate\u013eov ?<\/strong><\/li>\r\n<li><strong>Vytvorenie pracovn\u00fdch miest ?<\/strong><\/li>\r\n<li><strong>Pozdvihnutie vlastn\u00e9ho sebavedomia, \u017ee to dok\u00e1\u017eem ?<\/strong><\/li>\r\n<li><strong>Ochrana \u017eivotn\u00e9ho prostredia (preprava potrav\u00edn z druhej strany zemegule, pochybn\u00e9ho zlo\u017eenia, produktov chemick\u00e9ho priemyslu) ?<\/strong><\/li>\r\n<li><strong>T\u00fa\u017eba po zdrav\u00fdch potravin\u00e1ch ?<\/strong><\/li>\r\n<\/ul>\r\n<\/blockquote>\r\n\r\n\r\n\r\n<p>Ing. Miroslav K\u0148azsk\u00fd +421 903 248 926, <a href=\"mailto:knazsky@syrarium.sk\">knazsky@syrarium.sk<\/a><\/p>\r\n","protected":false},"excerpt":{"rendered":"<p>Syr\u00e1rsky kotol PLEVNIK na ka\u017ed\u00fa mlie\u010dnu farmu! Od roku 1992 vytv\u00e1rame inovat\u00edvne a vysoko kvalitn\u00e9 zariadenia ur\u010den\u00e9 na zv\u00fd\u0161enie hodnoty mlieka. Na\u0161ou misiou je pom\u00f4c\u0165 v\u00e1m vybudova\u0165 prosperuj\u00faci mliekarensk\u00fd podnik&hellip; <\/p>\n","protected":false},"author":1,"featured_media":0,"parent":0,"menu_order":0,"comment_status":"closed","ping_status":"open","template":"","meta":{"_monsterinsights_skip_tracking":false,"_monsterinsights_sitenote_active":false,"_monsterinsights_sitenote_note":"","_monsterinsights_sitenote_category":0,"_locale":"sk_SK","_original_post":"2","footnotes":""},"class_list":["post-2","page","type-page","status-publish","hentry","sk-SK"],"yoast_head":"<!-- This site is optimized with the Yoast SEO plugin v27.5 - https:\/\/yoast.com\/product\/yoast-seo-wordpress\/ -->\n<title>Vitajte na Syr\u00e1riUm - SyrariUm.sk<\/title>\n<meta name=\"robots\" content=\"noindex, follow, max-snippet:-1, max-image-preview:large, max-video-preview:-1\" \/>\n<meta property=\"og:locale\" content=\"sk_SK\" \/>\n<meta property=\"og:type\" content=\"article\" \/>\n<meta property=\"og:title\" content=\"Vitajte na Syr\u00e1riUm - SyrariUm.sk\" \/>\n<meta property=\"og:description\" content=\"Syr\u00e1rsky kotol PLEVNIK na ka\u017ed\u00fa mlie\u010dnu farmu! Od roku 1992 vytv\u00e1rame inovat\u00edvne a vysoko kvalitn\u00e9 zariadenia ur\u010den\u00e9 na zv\u00fd\u0161enie hodnoty mlieka. Na\u0161ou misiou je pom\u00f4c\u0165 v\u00e1m vybudova\u0165 prosperuj\u00faci mliekarensk\u00fd podnik&hellip;\" \/>\n<meta property=\"og:url\" content=\"https:\/\/syrarium.sk\/\" \/>\n<meta property=\"og:site_name\" content=\"SyrariUm.sk\" \/>\n<meta property=\"article:modified_time\" content=\"2026-04-21T13:42:40+00:00\" \/>\n<meta property=\"og:image\" content=\"http:\/\/syrarium.sk\/wp-content\/uploads\/2026\/04\/obrazok_2026-04-21_154154820-300x211.png\" \/>\n<meta name=\"twitter:card\" content=\"summary_large_image\" \/>\n<meta name=\"twitter:label1\" content=\"Predpokladan\u00fd \u010das \u010d\u00edtania\" \/>\n\t<meta name=\"twitter:data1\" content=\"2 min\u00faty\" \/>\n<script type=\"application\/ld+json\" class=\"yoast-schema-graph\">{\"@context\":\"https:\\\/\\\/schema.org\",\"@graph\":[{\"@type\":\"WebPage\",\"@id\":\"https:\\\/\\\/syrarium.sk\\\/\",\"url\":\"https:\\\/\\\/syrarium.sk\\\/\",\"name\":\"Vitajte na Syr\u00e1riUm - SyrariUm.sk\",\"isPartOf\":{\"@id\":\"https:\\\/\\\/syrarium.sk\\\/#website\"},\"primaryImageOfPage\":{\"@id\":\"https:\\\/\\\/syrarium.sk\\\/#primaryimage\"},\"image\":{\"@id\":\"https:\\\/\\\/syrarium.sk\\\/#primaryimage\"},\"thumbnailUrl\":\"http:\\\/\\\/syrarium.sk\\\/wp-content\\\/uploads\\\/2026\\\/04\\\/obrazok_2026-04-21_154154820-300x211.png\",\"datePublished\":\"2018-06-01T06:51:44+00:00\",\"dateModified\":\"2026-04-21T13:42:40+00:00\",\"breadcrumb\":{\"@id\":\"https:\\\/\\\/syrarium.sk\\\/#breadcrumb\"},\"inLanguage\":\"sk-SK\",\"potentialAction\":[{\"@type\":\"ReadAction\",\"target\":[\"https:\\\/\\\/syrarium.sk\\\/\"]}]},{\"@type\":\"ImageObject\",\"inLanguage\":\"sk-SK\",\"@id\":\"https:\\\/\\\/syrarium.sk\\\/#primaryimage\",\"url\":\"http:\\\/\\\/syrarium.sk\\\/wp-content\\\/uploads\\\/2026\\\/04\\\/obrazok_2026-04-21_154154820.png\",\"contentUrl\":\"http:\\\/\\\/syrarium.sk\\\/wp-content\\\/uploads\\\/2026\\\/04\\\/obrazok_2026-04-21_154154820.png\",\"width\":393,\"height\":277},{\"@type\":\"BreadcrumbList\",\"@id\":\"https:\\\/\\\/syrarium.sk\\\/#breadcrumb\",\"itemListElement\":[{\"@type\":\"ListItem\",\"position\":1,\"name\":\"Home\",\"item\":\"https:\\\/\\\/syrarium.sk\\\/\"},{\"@type\":\"ListItem\",\"position\":2,\"name\":\"Vitajte na Syr\u00e1riUm\"}]},{\"@type\":\"WebSite\",\"@id\":\"https:\\\/\\\/syrarium.sk\\\/#website\",\"url\":\"https:\\\/\\\/syrarium.sk\\\/\",\"name\":\"syrarium.sk\",\"description\":\"Chcete spracov\u00e1va\u0165 vlastn\u00e9 mlieko alebo m\u00e4so a nem\u00e1te sa s k\u00fdm poradi\u0165 ?\",\"potentialAction\":[{\"@type\":\"SearchAction\",\"target\":{\"@type\":\"EntryPoint\",\"urlTemplate\":\"https:\\\/\\\/syrarium.sk\\\/?s={search_term_string}\"},\"query-input\":{\"@type\":\"PropertyValueSpecification\",\"valueRequired\":true,\"valueName\":\"search_term_string\"}}],\"inLanguage\":\"sk-SK\"}]}<\/script>\n<!-- \/ Yoast SEO plugin. -->","yoast_head_json":{"title":"Vitajte na Syr\u00e1riUm - SyrariUm.sk","robots":{"index":"noindex","follow":"follow","max-snippet":"max-snippet:-1","max-image-preview":"max-image-preview:large","max-video-preview":"max-video-preview:-1"},"og_locale":"sk_SK","og_type":"article","og_title":"Vitajte na Syr\u00e1riUm - SyrariUm.sk","og_description":"Syr\u00e1rsky kotol PLEVNIK na ka\u017ed\u00fa mlie\u010dnu farmu! Od roku 1992 vytv\u00e1rame inovat\u00edvne a vysoko kvalitn\u00e9 zariadenia ur\u010den\u00e9 na zv\u00fd\u0161enie hodnoty mlieka. Na\u0161ou misiou je pom\u00f4c\u0165 v\u00e1m vybudova\u0165 prosperuj\u00faci mliekarensk\u00fd podnik&hellip;","og_url":"https:\/\/syrarium.sk\/","og_site_name":"SyrariUm.sk","article_modified_time":"2026-04-21T13:42:40+00:00","og_image":[{"url":"http:\/\/syrarium.sk\/wp-content\/uploads\/2026\/04\/obrazok_2026-04-21_154154820-300x211.png","type":"","width":"","height":""}],"twitter_card":"summary_large_image","twitter_misc":{"Predpokladan\u00fd \u010das \u010d\u00edtania":"2 min\u00faty"},"schema":{"@context":"https:\/\/schema.org","@graph":[{"@type":"WebPage","@id":"https:\/\/syrarium.sk\/","url":"https:\/\/syrarium.sk\/","name":"Vitajte na Syr\u00e1riUm - SyrariUm.sk","isPartOf":{"@id":"https:\/\/syrarium.sk\/#website"},"primaryImageOfPage":{"@id":"https:\/\/syrarium.sk\/#primaryimage"},"image":{"@id":"https:\/\/syrarium.sk\/#primaryimage"},"thumbnailUrl":"http:\/\/syrarium.sk\/wp-content\/uploads\/2026\/04\/obrazok_2026-04-21_154154820-300x211.png","datePublished":"2018-06-01T06:51:44+00:00","dateModified":"2026-04-21T13:42:40+00:00","breadcrumb":{"@id":"https:\/\/syrarium.sk\/#breadcrumb"},"inLanguage":"sk-SK","potentialAction":[{"@type":"ReadAction","target":["https:\/\/syrarium.sk\/"]}]},{"@type":"ImageObject","inLanguage":"sk-SK","@id":"https:\/\/syrarium.sk\/#primaryimage","url":"http:\/\/syrarium.sk\/wp-content\/uploads\/2026\/04\/obrazok_2026-04-21_154154820.png","contentUrl":"http:\/\/syrarium.sk\/wp-content\/uploads\/2026\/04\/obrazok_2026-04-21_154154820.png","width":393,"height":277},{"@type":"BreadcrumbList","@id":"https:\/\/syrarium.sk\/#breadcrumb","itemListElement":[{"@type":"ListItem","position":1,"name":"Home","item":"https:\/\/syrarium.sk\/"},{"@type":"ListItem","position":2,"name":"Vitajte na Syr\u00e1riUm"}]},{"@type":"WebSite","@id":"https:\/\/syrarium.sk\/#website","url":"https:\/\/syrarium.sk\/","name":"syrarium.sk","description":"Chcete spracov\u00e1va\u0165 vlastn\u00e9 mlieko alebo m\u00e4so a nem\u00e1te sa s k\u00fdm poradi\u0165 ?","potentialAction":[{"@type":"SearchAction","target":{"@type":"EntryPoint","urlTemplate":"https:\/\/syrarium.sk\/?s={search_term_string}"},"query-input":{"@type":"PropertyValueSpecification","valueRequired":true,"valueName":"search_term_string"}}],"inLanguage":"sk-SK"}]}},"_links":{"self":[{"href":"http:\/\/syrarium.sk\/index.php?rest_route=\/wp\/v2\/pages\/2","targetHints":{"allow":["GET"]}}],"collection":[{"href":"http:\/\/syrarium.sk\/index.php?rest_route=\/wp\/v2\/pages"}],"about":[{"href":"http:\/\/syrarium.sk\/index.php?rest_route=\/wp\/v2\/types\/page"}],"author":[{"embeddable":true,"href":"http:\/\/syrarium.sk\/index.php?rest_route=\/wp\/v2\/users\/1"}],"replies":[{"embeddable":true,"href":"http:\/\/syrarium.sk\/index.php?rest_route=%2Fwp%2Fv2%2Fcomments&post=2"}],"version-history":[{"count":6,"href":"http:\/\/syrarium.sk\/index.php?rest_route=\/wp\/v2\/pages\/2\/revisions"}],"predecessor-version":[{"id":232,"href":"http:\/\/syrarium.sk\/index.php?rest_route=\/wp\/v2\/pages\/2\/revisions\/232"}],"wp:attachment":[{"href":"http:\/\/syrarium.sk\/index.php?rest_route=%2Fwp%2Fv2%2Fmedia&parent=2"}],"curies":[{"name":"wp","href":"https:\/\/api.w.org\/{rel}","templated":true}]}}